{"id":27,"date":"2017-10-31T09:30:24","date_gmt":"2017-10-31T08:30:24","guid":{"rendered":"http:\/\/www.2517.at\/?page_id=27"},"modified":"2026-01-20T13:56:11","modified_gmt":"2026-01-20T12:56:11","slug":"ueber","status":"publish","type":"page","link":"https:\/\/www.2517.at\/ru\/ueber\/","title":{"rendered":"CV"},"content":{"rendered":"<div class=\"wp-block-image\">\n<figure class=\"alignleft is-resized\"><img loading=\"lazy\" decoding=\"async\" width=\"800\" height=\"935\" src=\"https:\/\/www.2517.at\/wp-content\/uploads\/2019\/02\/Logo-gelb2_kl.jpg\" alt=\"\" class=\"wp-image-523\" style=\"width:101px;height:118px\" srcset=\"https:\/\/www.2517.at\/wp-content\/uploads\/2019\/02\/Logo-gelb2_kl.jpg 800w, https:\/\/www.2517.at\/wp-content\/uploads\/2019\/02\/Logo-gelb2_kl-257x300.jpg 257w, https:\/\/www.2517.at\/wp-content\/uploads\/2019\/02\/Logo-gelb2_kl-768x898.jpg 768w\" sizes=\"auto, (max-width: 800px) 100vw, 800px\" \/><\/figure>\n<\/div>\n\n<h3><strong>Sascha\u00a0Alexandra Zaitseva<\/strong><\/h3>\n<p>Born 1981 in Gusev, Soviet Union<br \/>Lives and works in Vienna.<\/p>\n<p>Since September 2020: head of Ceramics Studio at the University of Applied Arts Vienna<\/p>\n<p><strong>Education<\/strong><br \/>2000 \u2013 2004 Academy of fine arts \/ Prof. Bruno Gironcoli \/ Vienna<br \/>2004 \u2013 2005 Diploma \/ Academy of fine arts \/ Prof. Manfred Pernice \/ Vienna<br \/>2004 \u2013 2007 University of Vienna \/ Slavonic Studies<\/p>\n<p><strong>Scholarships \/ Residencies<\/strong><br \/>2019 \u2013 scholarship \u2013 Arbeitsstipendium (Innovative Film) \u2013 BKA (Austrian Federal Ministry of Art and Culture)<br \/>2019 St. Petersburg Art Residency (Pushkinskaya 10)<br \/>2011\/2012 Artist in residence Cesky Krumlov (Bm:ukk Austrian Federal Ministry of Art and Culture) \/ CZ<br \/>2010 Artist in residence Budapest (in cooperation with The City of Vienna)<\/p>\n<p><strong>Exhibitions \/ Performances \/ Interventions\u00a0<\/strong><\/p>\n<p>2025 &#8212; 4th Cook, Eat and Clean Festival at Eindorf, Vienna, AT<strong><br \/><\/strong>2025 \u2013 Untitled \/ Ohne Titel, Nieder\u00f6sterreichischen Dokumentationszentrum St. P\u00f6lten, AT<strong><br \/><\/strong>2025 &#8212; Heldinnen \/ Sheroes, Frauenmuseum Bonn, DE<strong><br \/><\/strong>2025 &#8212; THE LANGUAGES OF THE GODDESSES, MAMUZ Museum, Schloss Aspern\/Zaya, AT<br \/>2025 &#8212; I AM MY OWN MUSE, Klocker Museum, Hall, AT<br \/>2025 &#8212; Hard and Fast Lines, Anna Khodorkovskaya &amp; Sascha Zaitseva, HOAST, Vienna, AT<br \/>2024 \u2013 The silence of the Sirenes, Flat 1, Vienna, AT<br \/>2024 \u2013 Cross Roads, International Art Festival, Back to Athens 11, GR<br \/>2024 \u2013 Aktuelle Positionen Skulptur Wien 2023, Vienna, AT<br \/>2023 \u2013 Elementare Gef\u00e4\u00dfe, Villa Beer, Vienna, AT<strong><br \/><\/strong>2023 \u2013 Down the glitter hole, YCC, Vienna, AT<strong><br \/><\/strong>2023 \u2013 NOT SPECIFIED OBJECT, Miriam Laussegger &amp; Sascha Alexandra Zaitseva, Galerie 20er Haus, Ried\/Innkreis, AT<br \/>2022 \u2013 An die Wand muss es nicht, Maerz Galerie, Linz, AT<br \/>2022 \u2013 Aftershow Satellite Program 2, Kunstzelle vor dem MuseumsQuartier, Vienna, AT<br \/>2022 \u2013 Das Hollenwasserwunder G\u00f6ttinnen-Fest 2022, The Dissident Goddesses Network, Elisabeth von Samsonow \/ Sascha Alexandra Zaitseva, Alberndorf, AT<strong><br \/><\/strong>2022 \u2013 No apocalypse now, International Art Festival, Back to Athens, GR<strong><br \/><\/strong>2022 \u2013 Skulpturengarten im Palais Auersperg, Vienna, AT<strong><br \/><\/strong>2021 \u2013 Very Real Estate, Vienna Art Week, Veronika Dirnhofer \/ Cristina Fiorenza \/ Anna Khodorkovskaya \/ Stefanie Koemeda \/ Sascha Alexandra Zaitseva, Vienna, AT<br \/>2021 \u2013 The Portal, VBK\u00d6 Members Exhibition, Vienna, AT<strong><br \/><\/strong>2021 \u2013 Real Estate, VBK\u00d6, Veronika Dirnhofer \/ Cristina Fiorenza \/ Anna Khodorkovskaya \/ Stefanie Koemeda \/ Sascha Alexandra Zaitseva, Vienna, AT<strong><br \/><\/strong>2021 \u2013 Urban Biodiversity \u2013 curated by Katerina Dimitrova \u2013 Seestadt Tower, Vienna, AT<br \/>2021 \u2013 Ungeheuerliche, Maria Bussmann \/ Sascha Alexandra Zaitseva \/ Marlene Lahmer \u2013 Galerie Frewein-Kazakbaev. Vienna, AT<br \/>2020 \u2013 Transposition III, online exhibition of the St. Petersburg Art Residency, RU<br \/>2020 \u2013 International Art Festival, Back to Athens 2020, Athens, GR<br \/>2020 \u2013 Arno Lehmann Preis f\u00fcr Keramik 2020, Traklhaus, Salzburg, AT<br \/>2020 \u2013 Causa Formalis \u2013 Miriam Laussegger \/ Alexandra Zaitseva \u2013 Raumstation, Vienna AT<br \/>2019 \u2013 \u041d\u0430\u0432\u0438\u043a\u0443\u043b\u0430 \u0410\u0440\u0442\u0438\u0441 \/ St. Petersburg, RU<br \/>2019 \u2013 18 + \u2013 2,04 gallery (Pushkinskaya 10) \/ St. Petersburg, RU<br \/>2019 \u2013 Water is a human right \u2013 Millerntor Gallery #9 \/ Hamburg, DE<br \/>2019 \u2013 Read my lips \u2013 Nazim \u00dcnal Yilmaz, Alexandra Zaitseva, Ulrike Johannsen \/ Vienna, AT<br \/>2019 \u2013 Sans Souci \u2013 Sascha Alexandra Zaitseva, Ulrike Johannsen \u2013 Size Matters \/ Vienna, AT<br \/>2018 \u2013 10 min shift II \u2013 WUK \/ Vienna, AT<br \/>2012 \u2013 Common history and its private stories \u2013 Sofia Art Gallery \/ Sofia \/ BG<br \/>2011 \u2013 Galerie Karenina \/ Art Moskau \/ Moskau, RU<br \/>2010 \u2013 Klauzal Ter \u2013 Galerie Karenina \/ Vienna, AT<br \/>2009 \u2013 Common history and its private stories \u2013 MUSA \/ Vienna, AT<br \/>2007 \u2013 Kleinplastik \u2013 N\u00d6 DOK f\u00fcr Moderne Kunst \/ St. P\u00f6lten \/ AT<br \/>2006 \u2013 Ramaschka \u2013 Artothek Galerie \/ Musa \/ Vienna, AT<br \/>2004 \u2013 Schwanenhals und Goldkrepine \u2013 Kunsthistorisches Museum Wien \/ Vienna, AT<br \/>2002 \u2013 Raum 8 \u2013 Meisterschule Bruno Gironcoli \/ Vienna, AT<\/p>\n<p><strong>Curatorial work<br \/><\/strong>2025 &#8212; Alternative Firing Techniques, OpenArtLink, Athens, GR<strong><br \/><\/strong>2023 &#8212; Pride and Prejudice, Art &amp; Craft &#8212; A Love Story, curatorial team &#8212; Ulrike Johannsen &amp; Sascha Zaitseva, Universit\u00e4tsgalerie der Angewandten, Heiligenkreuzerhof, Vienna, AT<\/p>\n<p><strong>Conferences:<br \/><\/strong>2023 &#8212; Elementare Gef\u00e4\u00dfe, lecturer: Albert Kirchengast, Wita Noack, Nina Wiedemeyer, G\u00fcnter Figal, Joachim Hahn, Thomas Hasler, Roger Boltshauser, Sascha Zaitseva, Christian Ruschitzka \/ Mies van der Rohe Haus, Berlin, DE<strong><br \/><\/strong>2023 &#8212; Pride and Prejudice, Art &amp; Craft &#8212; A Love Story, organised by Sascha Zaitseva &amp; Ulrike Johansen, moderated by Sascha Zaitseva, University of Applied Arts Vienna, AT<\/p>\n<p><strong>Publications:<br \/><\/strong>2023 &#8212; ELEMENTARE GEF\u00c4SSE, Vita composita &#8212; zwischen Kunst und Handwerk, zwischen Handeln und Kontemplation, Schriftenreihe des Mies van der Rohe Hauses. Band 9<\/p>\n<p><strong>Research<br \/><\/strong>2021 &#8212; 2024 &#8212; BIOCOOL, FFG Stadt der Zukunft, project manager: Bernhard Sommer, project partners: Ulrich Pont, Anna Engedy, Mahdavi, Ardeshir, Schu\u00df, Matthias Wilhelm, David Wolosiuk, Sascha Zaitseva<br \/>since 2023 &#8212; Broken Collection, FWF &#8212; PEEK, project manager: Gabriela Krist, project partner: Marlies Gailhofer, Johanna Runkel, Sascha Zaitseva<\/p>\n<p><strong>Press \/ interviews<br \/><\/strong>2023 &#8212; Amour fou: Wo es zwischen Kunst und Handwerk kein Unten und Oben gibt, Nicole Scheyerer, FALTER 23\/2023<strong><br \/><\/strong>2022 &#8212; F\u00fcr die Kunst brennen hei\u00dft Ton brennen, Almuth Spiegler, Die Presse am Sonntag<strong><br \/><\/strong>2021 &#8212; Wo ist die Innen*stadt? \/ Skug Musikkultur<strong><br \/><\/strong>2019 \u2013 Neue Keramik \/ Das Europ\u00e4ische Keramikmagazin \/ artist portrait<br \/>2019 \u2013 Augustin #474 \/ art.ist.in \/ Kunst ist ein Versuchsfeld<br \/>2018 \u2013 Telepolis \/ Festival der Demokratie \/ Die Ausschreitungen rund um den Hamburger G20 Gipfel<br \/>2018 \u2013 Malmoe #82 \/ Wadde Hadde Dudde da?<br \/>2018 \u2013 Plastic Bomb \/ Neus aus der Welt der Kunst<br \/>2018 \u2013 ak Nr. 636 \/ Gemeinsam gegen G20<\/p>\n<p><strong>Artist talks<br \/><\/strong>2025 Von Werkst\u00e4tten zu Freir\u00e4umen,\u00a0Kooperation mit Volkskundemuseum im Rahmen des Projektes \u201eDer Hof der Kulturen\u201c<br \/>2024 <em>Wo ist die InnenStadt, <\/em>as part of the course &#171;QUE(E)RING PUBLIC ART&#187;at the Academy of Fine Arts Vienna.<strong><br \/><\/strong>2024 Keramik in Aktion &#8212; Zwischen Kund und Handwerk, zwischen Handeln und Kontemplation, Tonhalle Wien<br \/>2019 Artist talk: Unframed festival \/ Berlin \/ Germany<br \/>2018 Panel discussion\/artist talk: annual press reception \/ Neues Deutschland \/ Berlin \/ Germany<br \/>2018 Artist talks: Filmcasino, Wien \/ Kino 3001, Hamburg \/ Studio Kino, Hamburg \/ Rote Flora, Hamburg \/ Kino Brotfabrik, Berlin \/ fsk Kino, Berlin<\/p>\n<p><strong>Teaching \/ lectures\u00a0<\/strong><\/p>\n<p>2025 Ceramic Literacy, (teamteaching with Dr. Moya Hoke)<\/p>\n<p>2023 Methodologies of Un_Visibility: Gender &amp; Sexualit\u00e4t, Kunst \u2013 Theorie \u2013 Praxis (teamteaching with Katharina Wiedlack und Anna T.) \u2013 cooperation with Universit\u00e4t Wien<br \/>2020-2023 Feminist philosophy and ceramics in action (teamteaching with Dr. Maria Bussmann) \u2013 University of Applied Arts Vienna<br \/><span style=\"font-size: revert;\">2018 Lecture: Academy of Fine Arts Vienna \/ masterclass Dorit Margreiter<br \/>since 2020: Ceramics I \/ Ceramics II \u2013 University of Applied Arts, Vienna<br \/>since 2020: Werklabor lecture matereology ceramics, University of Applied Arts Vienna<br \/><\/span><\/p>\n<p><strong>Collections<\/strong><br \/>Artothek \/ Art Collection of The City of Vienna<br \/>Private Collection of Christian Filla<br \/>Private Collection of \u042f\u043a\u043e\u0432 \u041a\u0430\u043b\u044c\u043c\u0435\u043d\u0441<\/p>\n<p><strong>Screenings 2018\/2021<br \/>Shortfilm <\/strong><em><strong>Perestroika:<br \/><\/strong>The Seattle Erotic Art Festival 2022<strong><br \/><\/strong><\/em><em>POST PxRN Filmfestival Warsaw 2022<strong><br \/><\/strong><\/em>official selection PornFilmFestival Vienna 2021<br \/>Satyrs and Maenads, the Athens porn film festival 2021<\/p>\n<p><strong>Shortfilm <em>The great masturbatrass<\/em>:<\/strong><br \/>official selection PornFilmFestival Vienna 2020<br \/>Satyrs and Maenads, the Athens porn film festival 2020<\/p>\n<p><strong>Shortfilm<em> Utopia:<\/em><\/strong><br \/>International Short Film Festival Oberhausen<br \/>3001- Hamburg<br \/>Studio Kino \u2013 Hamburg<br \/>G20 Retrospektive \/ Rote Flora \u2013 Hamburg<br \/>Werkstatt Kino \u2013 M\u00fcnchen<\/p>\n<p><strong>Documentary<em> Festival of Democracy:<\/em><\/strong> <br \/>Abaton \u2013 Hamburg, Citykino Wedding \u2013 Berlin, Union Friedrichshagen \u2013 Berlin, Brotfabrik \u2013 Berlin, fsk \u2013 Berlin, 3001 \u2013 Hamburg, Rex \u2013 K\u00f6ln, Kino in der Reitschule \u2013 Bern, Pumpe \u2013 Kiel, Endstation \u2013 Bochum, Luru \u2013 Leipzig, Sputnik \u2013 Berlin, Ladenkino \u2013 Berlin, Monopol \u2013 M\u00fcnchen, Arsenal \u2013 T\u00fcbingen, Zebra \u2013 Konstanz, Rote Flora \u2013 Hamburg, Weltecho \u2013 Chemnitz, Walzenlager \u2013 Oberhausen, Kino am Raschplatz \u2013 Hannover, Kino am Markt \u2013 Jena, Cineding \u2013 Leipzig, Kommunales Kino mon ami \u2013 Weimar, Universum \u2013 Braunschweig, Bambi \u2013 D\u00fcsseldorf, Kunstbauerkino \u2013 Gro\u00dfhennersdorf, Universum \u2013 Braunschweig, Peter Weiss Haus \u2013 Rostock, Filmforum \u2013 Duisburg, Kinohotel Mayer \u2013 Harsefeld, Filmcasino \u2013 Wien, Schauburg \u2013 Vechta, Lumimere \u2013 G\u00f6ttingen, Kunstverein N\u00fcrnberg \u2013 N\u00fcrnberg, Freiland \u2013 Potsdam, Walzenlager &#8212; Oberhausen, Kino am Raschplatz &#8212; Hannover, Kino am Markt &#8212; Jena, Cineding &#8212; Leipzig, Kommunales Kino mon ami &#8212; Weimar, Universum &#8212; Braunschweig, Bambi &#8212; D\u00fcsseldorf, Kunstbauerkino &#8212; Gro\u00dfhennersdorf, Universum &#8212; Braunschweig, Peter Weiss Haus &#8212; Rostock, Filmforum &#8212; Duisburg, Kinohotel Mayer &#8212; Harsefeld, Filmcasino &#8212; Wien, Schauburg &#8212; Vechta, Lumimere &#8212; G\u00f6ttingen, Kunstverein N\u00fcrnberg &#8212; N\u00fcrnberg, Freiland &#8212; Potsda<\/p>\n<p><strong>Nominations<\/strong><br \/>Arno Lehmann Prize for Ceramics, 2020<\/p>\n<p><strong>\u00a0<\/strong><\/p>","protected":false},"excerpt":{"rendered":"<p>Sascha\u00a0Alexandra Zaitseva Born 1981 in Gusev, Soviet UnionLives and works in Vienna. Since September 2020: head of Ceramics Studio at the University of Applied Arts Vienna Education2000 \u2013 2004 Academy of fine arts \/ Prof. Bruno Gironcoli \/ Vienna2004 \u2013 2005 Diploma \/ Academy of fine arts \/ Prof. Manfred Pernice \/ Vienna2004 \u2013 2007&hellip; <a class=\"more-link\" href=\"https:\/\/www.2517.at\/ru\/ueber\/\">\u0427\u0438\u0442\u0430\u0442\u044c \u0434\u0430\u043b\u0435\u0435 <span class=\"screen-reader-text\">CV<\/span><\/a><\/p>\n","protected":false},"author":1,"featured_media":0,"parent":0,"menu_order":0,"comment_status":"closed","ping_status":"closed","template":"","meta":{"_vp_format_video_url":"","_vp_image_focal_point":[],"footnotes":""},"class_list":["post-27","page","type-page","status-publish","hentry","entry"],"translation":{"provider":"WPGlobus","version":"3.0.2","language":"ru","enabled_languages":["de","en","ru"],"languages":{"de":{"title":true,"content":true,"excerpt":false},"en":{"title":false,"content":false,"excerpt":false},"ru":{"title":false,"content":false,"excerpt":false}}},"_links":{"self":[{"href":"https:\/\/www.2517.at\/ru\/wp-json\/wp\/v2\/pages\/27","targetHints":{"allow":["GET"]}}],"collection":[{"href":"https:\/\/www.2517.at\/ru\/wp-json\/wp\/v2\/pages"}],"about":[{"href":"https:\/\/www.2517.at\/ru\/wp-json\/wp\/v2\/types\/page"}],"author":[{"embeddable":true,"href":"https:\/\/www.2517.at\/ru\/wp-json\/wp\/v2\/users\/1"}],"replies":[{"embeddable":true,"href":"https:\/\/www.2517.at\/ru\/wp-json\/wp\/v2\/comments?post=27"}],"version-history":[{"count":66,"href":"https:\/\/www.2517.at\/ru\/wp-json\/wp\/v2\/pages\/27\/revisions"}],"predecessor-version":[{"id":1731,"href":"https:\/\/www.2517.at\/ru\/wp-json\/wp\/v2\/pages\/27\/revisions\/1731"}],"wp:attachment":[{"href":"https:\/\/www.2517.at\/ru\/wp-json\/wp\/v2\/media?parent=27"}],"curies":[{"name":"wp","href":"https:\/\/api.w.org\/{rel}","templated":true}]}}